{"id":11142,"date":"2021-02-09T17:25:57","date_gmt":"2021-02-09T17:25:57","guid":{"rendered":"https:\/\/ospaboutique.com\/naturopathie-et-bien-etre\/"},"modified":"2026-02-09T13:47:27","modified_gmt":"2026-02-09T13:47:27","slug":"naturopathie","status":"publish","type":"page","link":"https:\/\/ospaboutique.com\/fr\/naturopathie\/","title":{"rendered":"Naturopathie et bien-\u00eatre"},"content":{"rendered":"\t\t<div data-elementor-type=\"wp-page\" data-elementor-id=\"11142\" class=\"elementor elementor-11142\" data-elementor-post-type=\"page\">\n\t\t\t\t<div class=\"elementor-element elementor-element-fe8d04b e-flex e-con-boxed e-con e-parent\" data-id=\"fe8d04b\" data-element_type=\"container\" data-e-type=\"container\" data-settings=\"{&quot;background_background&quot;:&quot;classic&quot;}\">\n\t\t\t\t\t<div class=\"e-con-inner\">\n\t\t<div class=\"elementor-element elementor-element-847c6f3 e-con-full e-flex e-con e-child\" data-id=\"847c6f3\" data-element_type=\"container\" data-e-type=\"container\">\n\t\t\t\t<div class=\"elementor-element elementor-element-ea661d2 elementor-widget elementor-widget-heading\" data-id=\"ea661d2\" data-element_type=\"widget\" data-e-type=\"widget\" data-widget_type=\"heading.default\">\n\t\t\t\t\t<h1 class=\"elementor-heading-title elementor-size-default\">G\u00e9rer votre bien-\u00eatre  <br>Gr\u00e2ce \u00e0 la nutrition<\/h1>\t\t\t\t<\/div>\n\t\t\t\t<div class=\"elementor-element elementor-element-76c9b03 elementor-widget elementor-widget-text-editor\" data-id=\"76c9b03\" data-element_type=\"widget\" data-e-type=\"widget\" data-widget_type=\"text-editor.default\">\n\t\t\t\t\t\t\t\t\t<p>Une approche holistique  <\/p>\n\t\t\t\t\t\t\t\t<\/div>\n\t\t\t\t<\/div>\n\t\t\t\t\t<\/div>\n\t\t\t\t<\/div>\n\t\t<div class=\"elementor-element elementor-element-e09babb e-flex e-con-boxed e-con e-parent\" data-id=\"e09babb\" data-element_type=\"container\" data-e-type=\"container\" data-settings=\"{&quot;background_background&quot;:&quot;classic&quot;}\">\n\t\t\t\t\t<div class=\"e-con-inner\">\n\t\t<div class=\"elementor-element elementor-element-e7a61a1 e-con-full e-flex e-con e-child\" data-id=\"e7a61a1\" data-element_type=\"container\" data-e-type=\"container\">\n\t\t\t\t<div class=\"elementor-element elementor-element-f6e0b5e elementor-widget elementor-widget-heading\" data-id=\"f6e0b5e\" data-element_type=\"widget\" data-e-type=\"widget\" data-widget_type=\"heading.default\">\n\t\t\t\t\t<h2 class=\"elementor-heading-title elementor-size-default\">Qu'est-ce que la naturopathie ?<\/h2>\t\t\t\t<\/div>\n\t\t\t\t<div class=\"elementor-element elementor-element-c92d0db elementor-widget-divider--view-line_icon elementor-view-default elementor-widget-divider--element-align-center elementor-widget elementor-widget-divider\" data-id=\"c92d0db\" data-element_type=\"widget\" data-e-type=\"widget\" data-widget_type=\"divider.default\">\n\t\t\t\t\t\t\t<div class=\"elementor-divider\">\n\t\t\t<span class=\"elementor-divider-separator\">\n\t\t\t\t\t\t\t<div class=\"elementor-icon elementor-divider__element\">\n\t\t\t\t\t<svg aria-hidden=\"true\" class=\"e-font-icon-svg e-fas-spa\" viewBox=\"0 0 576 512\" xmlns=\"http:\/\/www.w3.org\/2000\/svg\"><path d=\"M568.25 192c-29.04.13-135.01 6.16-213.84 83-33.12 29.63-53.36 63.3-66.41 94.86-13.05-31.56-33.29-65.23-66.41-94.86-78.83-76.84-184.8-82.87-213.84-83-4.41-.02-7.79 3.4-7.75 7.82.23 27.92 7.14 126.14 88.77 199.3C172.79 480.94 256 480 288 480s115.19.95 199.23-80.88c81.64-73.17 88.54-171.38 88.77-199.3.04-4.42-3.34-7.84-7.75-7.82zM287.98 302.6c12.82-18.85 27.6-35.78 44.09-50.52 19.09-18.61 39.58-33.3 60.26-45.18-16.44-70.5-51.72-133.05-96.73-172.22-4.11-3.58-11.02-3.58-15.14 0-44.99 39.14-80.27 101.63-96.74 172.07 20.37 11.7 40.5 26.14 59.22 44.39a282.768 282.768 0 0 1 45.04 51.46z\"><\/path><\/svg><\/div>\n\t\t\t\t\t\t<\/span>\n\t\t<\/div>\n\t\t\t\t\t\t<\/div>\n\t\t\t\t<div class=\"elementor-element elementor-element-471bcaf elementor-widget elementor-widget-text-editor\" data-id=\"471bcaf\" data-element_type=\"widget\" data-e-type=\"widget\" data-widget_type=\"text-editor.default\">\n\t\t\t\t\t\t\t\t\t<p>La naturopathie et le bien-\u00eatre sont l&rsquo;art et la science qui visent \u00e0 promouvoir un bien-\u00eatre optimal par l&rsquo;utilisation de moyens naturels et \u00e9cologiques reconnus pour leur efficacit\u00e9 et leur innocuit\u00e9.<\/p><p>Le naturopathe donne des conseils et n&rsquo;\u00e9tablit pas de diagnostic ni de prescription.<\/p>\t\t\t\t\t\t\t\t<\/div>\n\t\t\t\t<\/div>\n\t\t\t\t\t<\/div>\n\t\t\t\t<\/div>\n\t\t\t\t<section class=\"elementor-section elementor-top-section elementor-element elementor-element-39fbabee elementor-section-height-min-height elementor-section-boxed elementor-section-height-default elementor-section-items-middle\" data-id=\"39fbabee\" data-element_type=\"section\" data-e-type=\"section\" data-settings=\"{&quot;background_background&quot;:&quot;classic&quot;}\">\n\t\t\t\t\t\t<div class=\"elementor-container elementor-column-gap-default\">\n\t\t\t\t\t<div class=\"elementor-column elementor-col-33 elementor-top-column elementor-element elementor-element-5deca4dd\" data-id=\"5deca4dd\" data-element_type=\"column\" data-e-type=\"column\">\n\t\t\t<div class=\"elementor-widget-wrap elementor-element-populated\">\n\t\t\t\t\t\t<div class=\"elementor-element elementor-element-8574de0 elementor-hidden-desktop elementor-widget elementor-widget-image\" data-id=\"8574de0\" data-element_type=\"widget\" data-e-type=\"widget\" data-widget_type=\"image.default\">\n\t\t\t\t\t\t\t\t\t\t\t\t\t\t\t<img decoding=\"async\" src=\"https:\/\/ospaboutique.com\/wp-content\/uploads\/2021\/04\/O_SPA_Boutique_Natural_laws.jpg\" title=\"\" alt=\"\" loading=\"lazy\" \/>\t\t\t\t\t\t\t\t\t\t\t\t\t\t\t<\/div>\n\t\t\t\t<div class=\"elementor-element elementor-element-6673c2f8 elementor-widget elementor-widget-heading\" data-id=\"6673c2f8\" data-element_type=\"widget\" data-e-type=\"widget\" data-widget_type=\"heading.default\">\n\t\t\t\t\t<h3 class=\"elementor-heading-title elementor-size-large\">Pr\u00e9ventive  <\/h3>\t\t\t\t<\/div>\n\t\t\t\t<div class=\"elementor-element elementor-element-72fcaa15 elementor-widget elementor-widget-text-editor\" data-id=\"72fcaa15\" data-element_type=\"widget\" data-e-type=\"widget\" data-widget_type=\"text-editor.default\">\n\t\t\t\t\t\t\t\t\t<p>\u00d4 Spa Boutique se concentre sur les lois naturelles qui r\u00e9gissent la sant\u00e9 et se consacre \u00e0 vous fournir des th\u00e9rapies efficaces et non invasives pour les maux courants et tenaces. Nos professionnels de la sant\u00e9 certifi\u00e9s s&rsquo;engagent \u00e0 vous \u00e9duquer, vous guider, vous aider et vous fournir toutes les ressources n\u00e9cessaires \u00e0 votre bien-\u00eatre.<\/p>\n\t\t\t\t\t\t\t\t<\/div>\n\t\t\t\t\t<\/div>\n\t\t<\/div>\n\t\t\t\t<div class=\"elementor-column elementor-col-33 elementor-top-column elementor-element elementor-element-8da7687\" data-id=\"8da7687\" data-element_type=\"column\" data-e-type=\"column\">\n\t\t\t<div class=\"elementor-widget-wrap elementor-element-populated\">\n\t\t\t\t\t\t<div class=\"elementor-element elementor-element-2e5b7b09 elementor-widget elementor-widget-image\" data-id=\"2e5b7b09\" data-element_type=\"widget\" data-e-type=\"widget\" data-widget_type=\"image.default\">\n\t\t\t\t\t\t\t\t\t\t\t\t\t\t\t<img fetchpriority=\"high\" decoding=\"async\" width=\"768\" height=\"801\" src=\"https:\/\/ospaboutique.com\/wp-content\/uploads\/2026\/01\/assets-10266dac478d4c768f6b6fbe586ae30e-9c9cc0366056478aa24394051a2c1192-768x801.webp\" class=\"attachment-medium_large size-medium_large wp-image-15691\" alt=\"Dark lips-L\u00c8VRE FONC\u00c9E-peeling\" srcset=\"https:\/\/ospaboutique.com\/wp-content\/uploads\/2026\/01\/assets-10266dac478d4c768f6b6fbe586ae30e-9c9cc0366056478aa24394051a2c1192-768x801.webp 768w, https:\/\/ospaboutique.com\/wp-content\/uploads\/2026\/01\/assets-10266dac478d4c768f6b6fbe586ae30e-9c9cc0366056478aa24394051a2c1192-288x300.webp 288w, https:\/\/ospaboutique.com\/wp-content\/uploads\/2026\/01\/assets-10266dac478d4c768f6b6fbe586ae30e-9c9cc0366056478aa24394051a2c1192-610x636.webp 610w, https:\/\/ospaboutique.com\/wp-content\/uploads\/2026\/01\/assets-10266dac478d4c768f6b6fbe586ae30e-9c9cc0366056478aa24394051a2c1192-600x626.webp 600w, https:\/\/ospaboutique.com\/wp-content\/uploads\/2026\/01\/assets-10266dac478d4c768f6b6fbe586ae30e-9c9cc0366056478aa24394051a2c1192.webp 832w\" sizes=\"(max-width: 768px) 100vw, 768px\" \/>\t\t\t\t\t\t\t\t\t\t\t\t\t\t\t<\/div>\n\t\t\t\t\t<\/div>\n\t\t<\/div>\n\t\t\t\t<div class=\"elementor-column elementor-col-33 elementor-top-column elementor-element elementor-element-1bcc6862\" data-id=\"1bcc6862\" data-element_type=\"column\" data-e-type=\"column\">\n\t\t\t<div class=\"elementor-widget-wrap elementor-element-populated\">\n\t\t\t\t\t\t<div class=\"elementor-element elementor-element-23f49c06 elementor-widget elementor-widget-heading\" data-id=\"23f49c06\" data-element_type=\"widget\" data-e-type=\"widget\" data-widget_type=\"heading.default\">\n\t\t\t\t\t<h2 class=\"elementor-heading-title elementor-size-default\">Correctif<\/h2>\t\t\t\t<\/div>\n\t\t\t\t<div class=\"elementor-element elementor-element-71007a13 elementor-widget elementor-widget-text-editor\" data-id=\"71007a13\" data-element_type=\"widget\" data-e-type=\"widget\" data-widget_type=\"text-editor.default\">\n\t\t\t\t\t\t\t\t\t<p>Les consultations naturopathiques chez \u00d4 Spa Boutique sont toujours priv\u00e9es et confidentielles. Nous veillons personnellement \u00e0 vous comprendre d&rsquo;un point de vue physiologique, psychologique, environnemental, social et spirituel, afin de vous conseiller correctement sur les mesures n\u00e9cessaires \u00e0 l&rsquo;am\u00e9lioration de votre sant\u00e9.<\/p>\n\t\t\t\t\t\t\t\t<\/div>\n\t\t\t\t\t<\/div>\n\t\t<\/div>\n\t\t\t\t\t<\/div>\n\t\t<\/section>\n\t\t<div class=\"elementor-element elementor-element-13f8796 e-con-full e-flex e-con e-parent\" data-id=\"13f8796\" data-element_type=\"container\" data-e-type=\"container\" data-settings=\"{&quot;background_background&quot;:&quot;classic&quot;}\">\n\t\t<div class=\"elementor-element elementor-element-8e3e35f e-con-full e-flex e-con e-child\" data-id=\"8e3e35f\" data-element_type=\"container\" data-e-type=\"container\" data-settings=\"{&quot;background_background&quot;:&quot;classic&quot;}\">\n\t\t\t\t<div class=\"elementor-element elementor-element-69e4dde elementor-widget elementor-widget-spacer\" data-id=\"69e4dde\" data-element_type=\"widget\" data-e-type=\"widget\" data-widget_type=\"spacer.default\">\n\t\t\t\t\t\t\t<div class=\"elementor-spacer\">\n\t\t\t<div class=\"elementor-spacer-inner\"><\/div>\n\t\t<\/div>\n\t\t\t\t\t\t<\/div>\n\t\t\t\t<\/div>\n\t\t<div class=\"elementor-element elementor-element-b3ab72a e-con-full e-flex e-con e-child\" data-id=\"b3ab72a\" data-element_type=\"container\" data-e-type=\"container\" data-settings=\"{&quot;background_background&quot;:&quot;classic&quot;}\">\n\t\t\t\t<div class=\"elementor-element elementor-element-da82080 elementor-widget elementor-widget-heading\" data-id=\"da82080\" data-element_type=\"widget\" data-e-type=\"widget\" data-widget_type=\"heading.default\">\n\t\t\t\t\t<h2 class=\"elementor-heading-title elementor-size-default\">QUE FAIT UN NATUROPATHE ?<\/h2>\t\t\t\t<\/div>\n\t\t\t\t<div class=\"elementor-element elementor-element-05b8aed elementor-widget elementor-widget-text-editor\" data-id=\"05b8aed\" data-element_type=\"widget\" data-e-type=\"widget\" data-widget_type=\"text-editor.default\">\n\t\t\t\t\t\t\t\t\t<p>Les naturopathes se concentrent sur la sant\u00e9 \u00e0 long terme et la pr\u00e9vention, bien qu&rsquo;ils puissent \u00e9galement aider \u00e0 traiter les affections aigu\u00ebs et chroniques. Ils peuvent travailler avec vous pour traiter un large \u00e9ventail de conditions. Perte de poids, composition corporelle, fatigue, stress, insomnie, probl\u00e8mes digestifs, probl\u00e8mes endocriniens, sant\u00e9 hormonale, m\u00e9decine \u00e9nerg\u00e9tique et constitution d&rsquo;hydroth\u00e9rapie.<\/p>\n\t\t\t\t\t\t\t\t<\/div>\n\t\t\t\t<\/div>\n\t\t\t\t<\/div>\n\t\t\t\t<\/div>\n\t\t<span class=\"et_bloom_bottom_trigger\"><\/span>","protected":false},"excerpt":{"rendered":"<p>G\u00e9rer votre bien-\u00eatre Gr\u00e2ce \u00e0 la nutrition Une approche holistique Qu&rsquo;est-ce que la naturopathie ? La naturopathie et le bien-\u00eatre sont l&rsquo;art et la science qui visent \u00e0 promouvoir un bien-\u00eatre optimal par l&rsquo;utilisation de moyens naturels et \u00e9cologiques reconnus pour leur efficacit\u00e9 et leur innocuit\u00e9. Le naturopathe donne des conseils et n&rsquo;\u00e9tablit pas de [&hellip;]<\/p>\n","protected":false},"author":1,"featured_media":0,"parent":0,"menu_order":11,"comment_status":"closed","ping_status":"closed","template":"elementor_header_footer","meta":{"site-sidebar-layout":"no-sidebar","site-content-layout":"page-builder","ast-site-content-layout":"full-width-container","site-content-style":"unboxed","site-sidebar-style":"unboxed","ast-global-header-display":"","ast-banner-title-visibility":"","ast-main-header-display":"","ast-hfb-above-header-display":"","ast-hfb-below-header-display":"","ast-hfb-mobile-header-display":"","site-post-title":"disabled","ast-breadcrumbs-content":"","ast-featured-img":"disabled","footer-sml-layout":"","ast-disable-related-posts":"","theme-transparent-header-meta":"default","adv-header-id-meta":"","stick-header-meta":"default","header-above-stick-meta":"","header-main-stick-meta":"","header-below-stick-meta":"","astra-migrate-meta-layouts":"default","ast-page-background-enabled":"default","ast-page-background-meta":{"desktop":{"background-color":"","background-image":"","background-repeat":"repeat","background-position":"center center","background-size":"auto","background-attachment":"scroll","background-type":"","background-media":"","overlay-type":"","overlay-color":"","overlay-opacity":"","overlay-gradient":""},"tablet":{"background-color":"","background-image":"","background-repeat":"repeat","background-position":"center center","background-size":"auto","background-attachment":"scroll","background-type":"","background-media":"","overlay-type":"","overlay-color":"","overlay-opacity":"","overlay-gradient":""},"mobile":{"background-color":"","background-image":"","background-repeat":"repeat","background-position":"center center","background-size":"auto","background-attachment":"scroll","background-type":"","background-media":"","overlay-type":"","overlay-color":"","overlay-opacity":"","overlay-gradient":""}},"ast-content-background-meta":{"desktop":{"background-color":"var(--ast-global-color-5)","background-image":"","background-repeat":"repeat","background-position":"center center","background-size":"auto","background-attachment":"scroll","background-type":"","background-media":"","overlay-type":"","overlay-color":"","overlay-opacity":"","overlay-gradient":""},"tablet":{"background-color":"var(--ast-global-color-5)","background-image":"","background-repeat":"repeat","background-position":"center center","background-size":"auto","background-attachment":"scroll","background-type":"","background-media":"","overlay-type":"","overlay-color":"","overlay-opacity":"","overlay-gradient":""},"mobile":{"background-color":"var(--ast-global-color-5)","background-image":"","background-repeat":"repeat","background-position":"center center","background-size":"auto","background-attachment":"scroll","background-type":"","background-media":"","overlay-type":"","overlay-color":"","overlay-opacity":"","overlay-gradient":""}},"footnotes":""},"class_list":["post-11142","page","type-page","status-publish","hentry"],"aioseo_notices":[],"_links":{"self":[{"href":"https:\/\/ospaboutique.com\/fr\/wp-json\/wp\/v2\/pages\/11142","targetHints":{"allow":["GET"]}}],"collection":[{"href":"https:\/\/ospaboutique.com\/fr\/wp-json\/wp\/v2\/pages"}],"about":[{"href":"https:\/\/ospaboutique.com\/fr\/wp-json\/wp\/v2\/types\/page"}],"author":[{"embeddable":true,"href":"https:\/\/ospaboutique.com\/fr\/wp-json\/wp\/v2\/users\/1"}],"replies":[{"embeddable":true,"href":"https:\/\/ospaboutique.com\/fr\/wp-json\/wp\/v2\/comments?post=11142"}],"version-history":[{"count":0,"href":"https:\/\/ospaboutique.com\/fr\/wp-json\/wp\/v2\/pages\/11142\/revisions"}],"wp:attachment":[{"href":"https:\/\/ospaboutique.com\/fr\/wp-json\/wp\/v2\/media?parent=11142"}],"curies":[{"name":"wp","href":"https:\/\/api.w.org\/{rel}","templated":true}]}}